{"id":13,"date":"2016-01-18T20:07:25","date_gmt":"2016-01-18T19:07:25","guid":{"rendered":"http:\/\/www.acquasolar.es\/?page_id=13"},"modified":"2022-08-21T12:25:55","modified_gmt":"2022-08-21T11:25:55","slug":"principal","status":"publish","type":"page","link":"https:\/\/www.acquasolar.es\/","title":{"rendered":"SISTEMA DE CONTROL ACQUASOLAR"},"content":{"rendered":"<div id=\"pl-13\"  class=\"panel-layout\" ><div id=\"pg-13-0\"  class=\"panel-grid panel-no-style\" ><div id=\"pgc-13-0-0\"  class=\"panel-grid-cell\" ><div id=\"panel-13-0-0-0\" class=\"so-panel widget widget_sow-editor panel-first-child panel-last-child\" data-index=\"0\" ><div\n\t\t\t\n\t\t\tclass=\"so-widget-sow-editor so-widget-sow-editor-base\"\n\t\t\t\n\t\t>\n<div class=\"siteorigin-widget-tinymce textwidget\">\n\t<div class=\"entry-content\">\n<p>La centralita inteligente\u00a0<strong><span style=\"text-decoration: underline;\"><span style=\"color: #339966; text-decoration: underline;\">ACQUASOLAR<\/span><\/span><\/strong> le permite obtener el m\u00e1ximo rendimiento de su captador\u00a0solar ACS (Agua Caliente Sanitaria). Esta centralita le dar\u00e1 acceso remotamente desde su dispositivo Android (tablet\/smartphone) a la siguiente funcionalidad:<\/p>\n<\/div>\n<ul>\n<li>Conocer\u00a0la temperatura del ACS, la temperatura exterior, y la evoluci\u00f3n hist\u00f3rica en las \u00faltimas horas de ambos valores.<\/li>\n<\/ul>\n<ul>\n<li>Podr\u00e1 definir <span style=\"text-decoration: underline; color: #339966;\"><strong>intervalos horarios<\/strong><\/span> en los que quiera contar con la garant\u00eda de que siempre tendr\u00e1 ACS al menos a la temperatura m\u00ednima que usted decida. La centralita <strong><span style=\"text-decoration: underline;\"><span style=\"color: #339966; text-decoration: underline;\">ACQUASOLAR<\/span><\/span><\/strong> monitorizar\u00e1 su ACS y activar\u00e1 la resistencia el\u00e9ctrica como complemento a su captador solar solo cuando sea necesario.<\/li>\n<\/ul>\n<ul>\n<li>Podr\u00e1 -adicionalmente- activar la resistencia el\u00e9ctrica en cualquier momento, la cual se desactivar\u00e1 sola transcurridas dos horas.<\/li>\n<\/ul>\n<ul>\n<li>El sistema ACQUA le permitir\u00e1 <span style=\"text-decoration: underline; color: #339966;\"><span style=\"text-decoration: underline;\"><strong>reducir al m\u00ednimo el consumo de su resistencia el\u00e9ctrica<\/strong><\/span><\/span> como complemento al captador solar ACS. Tendr\u00e1 la garant\u00eda de contar con ACS caliente cuando la necesita sin desperdiciar energ\u00eda en los momentos en los que no requiere ACS caliente.<\/li>\n<\/ul>\n<ul>\n<li>Podr\u00e1 verificar el <span style=\"text-decoration: underline; color: #339966;\"><strong>uso eficiente de la resistencia el\u00e9ctrica<\/strong><\/span> mediante las estad\u00edsticas de uso que el propio sistema le ofrece desde su dispositivo Android.<\/li>\n<\/ul>\n<\/div>\n<\/div><\/div><\/div><div id=\"pgc-13-0-1\"  class=\"panel-grid-cell\" ><div id=\"panel-13-0-1-0\" class=\"so-panel widget widget_sow-editor panel-first-child panel-last-child\" data-index=\"1\" ><div\n\t\t\t\n\t\t\tclass=\"so-widget-sow-editor so-widget-sow-editor-base\"\n\t\t\t\n\t\t>\n<div class=\"siteorigin-widget-tinymce textwidget\">\n\t<p><a href=\"https:\/\/play.google.com\/store\/apps\/details?id=es.acquasolar.app\"><img decoding=\"async\" loading=\"lazy\" class=\"aligncenter\" src=\"https:\/\/play.google.com\/intl\/en_us\/badges\/images\/generic\/es_badge_web_generic.png\" alt=\"Disponible en Google Play\" width=\"188\" height=\"73\" \/><\/a><\/p>\n<p><a href=\"http:\/\/www.acquasolar.es\/client.NEW\/\"><img decoding=\"async\" loading=\"lazy\" class=\"aligncenter wp-image-170\" src=\"http:\/\/www.acquasolar.es\/wp-content\/uploads\/2017\/11\/navegador-300x115.jpg\" alt=\"Control con navegador web\" width=\"172\" height=\"66\" srcset=\"https:\/\/www.acquasolar.es\/wp-content\/uploads\/2017\/11\/navegador-300x115.jpg 300w, https:\/\/www.acquasolar.es\/wp-content\/uploads\/2017\/11\/navegador.jpg 450w\" sizes=\"(max-width: 172px) 100vw, 172px\" \/><\/a><\/p>\n<p><a href=\"https:\/\/skills-store.amazon.es\/deeplink\/dp\/B083C64PNR?deviceType=app&share&refSuffix=ss_copy\"><img decoding=\"async\" loading=\"lazy\" class=\"aligncenter wp-image-170\" src=\"http:\/\/www.acquasolar.es\/wp-content\/uploads\/2020\/01\/alexa.png\" alt=\"Skill Alexa\" width=\"172\" height=\"66\" \/><\/a><\/p>\n<\/div>\n<\/div><\/div><\/div><\/div><\/div>","protected":false},"excerpt":{"rendered":"<p>La centralita inteligente\u00a0ACQUASOLAR le permite obtener el m\u00e1ximo rendimiento de su captador\u00a0solar ACS (Agua Caliente Sanitaria). Esta centralita le dar\u00e1 acceso remotamente desde su dispositivo Android (tablet\/smartphone) a la siguiente funcionalidad: Conocer\u00a0la temperatura del ACS, la temperatura exterior, y la evoluci\u00f3n hist\u00f3rica en las \u00faltimas horas de ambos valores. Podr\u00e1 definir intervalos horarios en los [&hellip;]<\/p>\n","protected":false},"author":1,"featured_media":23,"parent":0,"menu_order":0,"comment_status":"closed","ping_status":"closed","template":"","meta":[],"_links":{"self":[{"href":"https:\/\/www.acquasolar.es\/index.php?rest_route=\/wp\/v2\/pages\/13"}],"collection":[{"href":"https:\/\/www.acquasolar.es\/index.php?rest_route=\/wp\/v2\/pages"}],"about":[{"href":"https:\/\/www.acquasolar.es\/index.php?rest_route=\/wp\/v2\/types\/page"}],"author":[{"embeddable":true,"href":"https:\/\/www.acquasolar.es\/index.php?rest_route=\/wp\/v2\/users\/1"}],"replies":[{"embeddable":true,"href":"https:\/\/www.acquasolar.es\/index.php?rest_route=%2Fwp%2Fv2%2Fcomments&post=13"}],"version-history":[{"count":27,"href":"https:\/\/www.acquasolar.es\/index.php?rest_route=\/wp\/v2\/pages\/13\/revisions"}],"predecessor-version":[{"id":3914,"href":"https:\/\/www.acquasolar.es\/index.php?rest_route=\/wp\/v2\/pages\/13\/revisions\/3914"}],"wp:featuredmedia":[{"embeddable":true,"href":"https:\/\/www.acquasolar.es\/index.php?rest_route=\/wp\/v2\/media\/23"}],"wp:attachment":[{"href":"https:\/\/www.acquasolar.es\/index.php?rest_route=%2Fwp%2Fv2%2Fmedia&parent=13"}],"curies":[{"name":"wp","href":"https:\/\/api.w.org\/{rel}","templated":true}]}}