{"id":242,"date":"2018-09-23T13:13:48","date_gmt":"2018-09-23T12:13:48","guid":{"rendered":"http:\/\/www.acquasolar.es\/?page_id=242"},"modified":"2018-09-23T13:25:46","modified_gmt":"2018-09-23T12:25:46","slug":"politica-de-privacidad","status":"publish","type":"page","link":"https:\/\/www.acquasolar.es\/?page_id=242","title":{"rendered":"Pol\u00edtica de privacidad"},"content":{"rendered":"<div id=\"pl-242\"  class=\"panel-layout\" ><div id=\"pg-242-0\"  class=\"panel-grid panel-no-style\" ><div id=\"pgc-242-0-0\"  class=\"panel-grid-cell\" ><div id=\"panel-242-0-0-0\" class=\"so-panel widget widget_sow-editor panel-first-child panel-last-child\" data-index=\"0\" ><div\n\t\t\t\n\t\t\tclass=\"so-widget-sow-editor so-widget-sow-editor-base\"\n\t\t\t\n\t\t>\n<div class=\"siteorigin-widget-tinymce textwidget\">\n\t<p>La presente <strong>Pol\u00edtica de privacidad<\/strong> establece los t\u00e9rminos en que\u00a0\u00a0usa y protege la informaci\u00f3n que es proporcionada por sus usuarios al momento de utilizar la aplicaci\u00f3n <strong><span style=\"text-decoration: underline;\"><span style=\"color: #339966; text-decoration: underline;\">ACQUASOLAR<\/span><\/span><\/strong>\u00a0instalada en su dispositivo Android . Esta aplicaci\u00f3n no recopila datos de sus usuarios.<\/p>\n<p><strong>Informaci\u00f3n que es recogida<\/strong><\/p>\n<p>No se recopila ning\u00fan tipo de informaci\u00f3n de car\u00e1cter personal, ni tampoco ning\u00fan otro tipo de informaci\u00f3n. La aplicaci\u00f3n conserva localmente la informaci\u00f3n aportada por los usuarios para configurar su centralita de control ACS y para poder establecer con esta la conexi\u00f3n..<\/p>\n<p><strong>Uso de la informaci\u00f3n recogida<\/strong><\/p>\n<p>No se realiza ning\u00fan uso de la informaci\u00f3n recogida ya que no se recaba ning\u00fan tipo de informaci\u00f3n.<\/p>\n<p><strong>Enlaces a terceros<\/strong><\/p>\n<p>Este sitio web pudiera contener en laces a otros sitios que pudieran ser de su inter\u00e9s. Una vez que usted de clic en estos enlaces y abandone nuestra p\u00e1gina, ya no tenemos control sobre al sitio al que es redirigido y por lo tanto no somos responsables de los t\u00e9rminos o privacidad ni de la protecci\u00f3n de sus datos en esos otros sitios terceros. Dichos sitios est\u00e1n sujetos a sus propias pol\u00edticas de privacidad por lo cual es recomendable que los consulte para confirmar que usted est\u00e1 de acuerdo con estas.<\/p>\n<\/div>\n<\/div><\/div><\/div><\/div><\/div>","protected":false},"excerpt":{"rendered":"<p>La presente Pol\u00edtica de privacidad establece los t\u00e9rminos en que\u00a0\u00a0usa y protege la informaci\u00f3n que es proporcionada por sus usuarios al momento de utilizar la aplicaci\u00f3n ACQUASOLAR\u00a0instalada en su dispositivo Android . Esta aplicaci\u00f3n no recopila datos de sus usuarios. Informaci\u00f3n que es recogida No se recopila ning\u00fan tipo de informaci\u00f3n de car\u00e1cter personal, ni [&hellip;]<\/p>\n","protected":false},"author":1,"featured_media":0,"parent":0,"menu_order":0,"comment_status":"closed","ping_status":"closed","template":"","meta":[],"_links":{"self":[{"href":"https:\/\/www.acquasolar.es\/index.php?rest_route=\/wp\/v2\/pages\/242"}],"collection":[{"href":"https:\/\/www.acquasolar.es\/index.php?rest_route=\/wp\/v2\/pages"}],"about":[{"href":"https:\/\/www.acquasolar.es\/index.php?rest_route=\/wp\/v2\/types\/page"}],"author":[{"embeddable":true,"href":"https:\/\/www.acquasolar.es\/index.php?rest_route=\/wp\/v2\/users\/1"}],"replies":[{"embeddable":true,"href":"https:\/\/www.acquasolar.es\/index.php?rest_route=%2Fwp%2Fv2%2Fcomments&post=242"}],"version-history":[{"count":7,"href":"https:\/\/www.acquasolar.es\/index.php?rest_route=\/wp\/v2\/pages\/242\/revisions"}],"predecessor-version":[{"id":249,"href":"https:\/\/www.acquasolar.es\/index.php?rest_route=\/wp\/v2\/pages\/242\/revisions\/249"}],"wp:attachment":[{"href":"https:\/\/www.acquasolar.es\/index.php?rest_route=%2Fwp%2Fv2%2Fmedia&parent=242"}],"curies":[{"name":"wp","href":"https:\/\/api.w.org\/{rel}","templated":true}]}}